{"id":22859,"date":"2024-03-19T15:13:21","date_gmt":"2024-03-19T15:13:21","guid":{"rendered":"http:\/\/richeskarayib.com\/promotion\/"},"modified":"2024-09-23T12:30:16","modified_gmt":"2024-09-23T12:30:16","slug":"promotion","status":"publish","type":"page","link":"https:\/\/richeskarayib.com\/cpf\/promotion\/","title":{"rendered":"Promotion"},"content":{"rendered":"\t\t<div data-elementor-type=\"wp-page\" data-elementor-id=\"22859\" class=\"elementor elementor-22859 elementor-18083\" data-elementor-post-type=\"page\">\n\t\t\t\t\t\t<section class=\"elementor-section elementor-top-section elementor-element elementor-element-cb328c8 elementor-section-boxed elementor-section-height-default elementor-section-height-default\" data-id=\"cb328c8\" data-element_type=\"section\">\n\t\t\t\t\t\t<div class=\"elementor-container elementor-column-gap-default\">\n\t\t\t\t\t<div class=\"elementor-column elementor-col-100 elementor-top-column elementor-element elementor-element-51f6e73\" data-id=\"51f6e73\" data-element_type=\"column\">\n\t\t\t<div class=\"elementor-widget-wrap elementor-element-populated\">\n\t\t\t\t\t\t<div class=\"elementor-element elementor-element-0d18fab elementor-widget elementor-widget-heading\" data-id=\"0d18fab\" data-element_type=\"widget\" data-widget_type=\"heading.default\">\n\t\t\t\t<div class=\"elementor-widget-container\">\n\t\t\t\t\t<h2 class=\"elementor-heading-title elementor-size-default\">Promouvoir les acteurs culturels des Cara\u00efbes<\/h2>\t\t\t\t<\/div>\n\t\t\t\t<\/div>\n\t\t\t\t<div class=\"elementor-element elementor-element-192f3ae elementor-widget elementor-widget-text-editor\" data-id=\"192f3ae\" data-element_type=\"widget\" data-widget_type=\"text-editor.default\">\n\t\t\t\t<div class=\"elementor-widget-container\">\n\t\t\t\t\t\t\t\t\t<p>Notre plateforme est d\u00e9di\u00e9e \u00e0 la promotion des acteurs culturels des Cara\u00efbes. Que vous soyez artiste, cr\u00e9ateur, technicien, organisateur d&#8217;\u00e9v\u00e9nements ou autre professionnel du secteur, nous vous proposons une gamme de services adapt\u00e9s \u00e0 vos besoins : renforcez votre pr\u00e9sence et votre visibilit\u00e9 sur notre plateforme et aupr\u00e8s de notre communaut\u00e9, faites conna\u00eetre vos \u00e9v\u00e9nements culturels \u00e0 un public large et engag\u00e9, et trouvez des partenaires, des opportunit\u00e9s et des ressources pour vos projets.<\/p>\n<p>Pour les institutions et les organisations de soutien, nous proposons \u00e9galement des services d\u00e9di\u00e9s : promouvoir vos programmes et actions de soutien, organiser des r\u00e9unions, des d\u00e9bats et des \u00e9v\u00e9nements th\u00e9matiques en collaboration avec notre \u00e9quipe. Ensemble, faisons briller la culture carib\u00e9enne et ses acteurs.<\/p>\n<p>Il suffit de remplir le formulaire ci-dessous pour commencer :<\/p>\n\t\t\t\t\t\t\t\t<\/div>\n\t\t\t\t<\/div>\n\t\t\t\t<div class=\"elementor-element elementor-element-9156ca8 elementor-button-align-stretch elementor-widget elementor-widget-form\" data-id=\"9156ca8\" data-element_type=\"widget\" data-settings=\"{&quot;step_next_label&quot;:&quot;Suivant&quot;,&quot;step_previous_label&quot;:&quot;Pr\\u00e9c\\u00e9dent&quot;,&quot;button_width&quot;:&quot;100&quot;,&quot;step_type&quot;:&quot;number_text&quot;,&quot;step_icon_shape&quot;:&quot;circle&quot;}\" data-widget_type=\"form.default\">\n\t\t\t\t<div class=\"elementor-widget-container\">\n\t\t\t\t\t\t\t<form class=\"elementor-form\" method=\"post\" name=\"Nouveau formulaire\" aria-label=\"Nouveau formulaire\">\n\t\t\t<input type=\"hidden\" name=\"post_id\" value=\"22859\"\/>\n\t\t\t<input type=\"hidden\" name=\"form_id\" value=\"9156ca8\"\/>\n\t\t\t<input type=\"hidden\" name=\"referer_title\" value=\"Promotion - Rich\u00e8s Karayib\" \/>\n\n\t\t\t\t\t\t\t<input type=\"hidden\" name=\"queried_id\" value=\"22859\"\/>\n\t\t\t\n\t\t\t<div class=\"elementor-form-fields-wrapper elementor-labels-above\">\n\t\t\t\t\t\t\t\t<div class=\"elementor-field-type-text elementor-field-group elementor-column elementor-field-group-name elementor-col-100 elementor-field-required\">\n\t\t\t\t\t\t\t\t\t\t\t\t<label for=\"form-field-name\" class=\"elementor-field-label\">\n\t\t\t\t\t\t\t\tNom\t\t\t\t\t\t\t<\/label>\n\t\t\t\t\t\t\t\t\t\t\t\t\t\t<input size=\"1\" type=\"text\" name=\"form_fields[name]\" id=\"form-field-name\" class=\"elementor-field elementor-size-sm  elementor-field-textual\" placeholder=\"Nom\" required=\"required\">\n\t\t\t\t\t\t\t\t\t\t\t<\/div>\n\t\t\t\t\t\t\t\t<div class=\"elementor-field-type-email elementor-field-group elementor-column elementor-field-group-email elementor-col-100 elementor-field-required\">\n\t\t\t\t\t\t\t\t\t\t\t\t<label for=\"form-field-email\" class=\"elementor-field-label\">\n\t\t\t\t\t\t\t\tAdresse \u00e9lectronique\t\t\t\t\t\t\t<\/label>\n\t\t\t\t\t\t\t\t\t\t\t\t\t\t<input size=\"1\" type=\"email\" name=\"form_fields[email]\" id=\"form-field-email\" class=\"elementor-field elementor-size-sm  elementor-field-textual\" placeholder=\"Courriel\" required=\"required\">\n\t\t\t\t\t\t\t\t\t\t\t<\/div>\n\t\t\t\t\t\t\t\t<div class=\"elementor-field-type-tel elementor-field-group elementor-column elementor-field-group-field_f58f097 elementor-col-100\">\n\t\t\t\t\t\t\t\t\t\t\t\t<label for=\"form-field-field_f58f097\" class=\"elementor-field-label\">\n\t\t\t\t\t\t\t\tNum\u00e9ro de t\u00e9l\u00e9phone (facultatif)\t\t\t\t\t\t\t<\/label>\n\t\t\t\t\t\t\t\t<input size=\"1\" type=\"tel\" name=\"form_fields[field_f58f097]\" id=\"form-field-field_f58f097\" class=\"elementor-field elementor-size-sm  elementor-field-textual\" placeholder=\"Num\u00e9ro de t\u00e9l\u00e9phone mobile ou fixe\" pattern=\"[0-9()#&amp;+*-=.]+\" title=\"Only numbers and phone characters (#, -, *, etc) are accepted.\">\n\n\t\t\t\t\t\t<\/div>\n\t\t\t\t\t\t\t\t<div class=\"elementor-field-type-checkbox elementor-field-group elementor-column elementor-field-group-field_f253733 elementor-col-100\">\n\t\t\t\t\t\t\t\t\t\t\t\t<label for=\"form-field-field_f253733\" class=\"elementor-field-label\">\n\t\t\t\t\t\t\t\tType d'acteur culturel (vous pouvez en s\u00e9lectionner plusieurs)\t\t\t\t\t\t\t<\/label>\n\t\t\t\t\t\t<div class=\"elementor-field-subgroup  \"><span class=\"elementor-field-option\"><input type=\"checkbox\" value=\"Artisanat et Artisans Art culinaire Institution culturelle Organisations culturelles Danse Gestion d&#039;\u00e9v\u00e9nements Mode Film et vid\u00e9o Litt\u00e9rature M\u00e9dias Musique \u00c9cole des arts du spectacle Enregistrement Production et support technique Arts techniques Th\u00e9\u00e2tre et performance Arts visuels\" id=\"form-field-field_f253733-0\" name=\"form_fields[field_f253733]\"> <label for=\"form-field-field_f253733-0\">Artisanat et Artisans Art culinaire Institution culturelle Organisations culturelles Danse Gestion d'\u00e9v\u00e9nements Mode Film et vid\u00e9o Litt\u00e9rature M\u00e9dias Musique \u00c9cole des arts du spectacle Enregistrement Production et support technique Arts techniques Th\u00e9\u00e2tre et performance Arts visuels<\/label><\/span><\/div>\t\t\t\t<\/div>\n\t\t\t\t\t\t\t\t<div class=\"elementor-field-type-checkbox elementor-field-group elementor-column elementor-field-group-field_b97d265 elementor-col-100\">\n\t\t\t\t\t\t\t\t\t\t\t\t<label for=\"form-field-field_b97d265\" class=\"elementor-field-label\">\n\t\t\t\t\t\t\t\tConditions de promotion (vous pouvez en s\u00e9lectionner plusieurs)\t\t\t\t\t\t\t<\/label>\n\t\t\t\t\t\t<div class=\"elementor-field-subgroup  \"><span class=\"elementor-field-option\"><input type=\"checkbox\" value=\"Appara\u00eetre dans l&#039;annuaire Annoncer un \u00e9v\u00e9nement Cr\u00e9er un article pour le blog Rechercher un partenaire Autre\" id=\"form-field-field_b97d265-0\" name=\"form_fields[field_b97d265]\"> <label for=\"form-field-field_b97d265-0\">Appara\u00eetre dans l'annuaire Annoncer un \u00e9v\u00e9nement Cr\u00e9er un article pour le blog Rechercher un partenaire Autre<\/label><\/span><\/div>\t\t\t\t<\/div>\n\t\t\t\t\t\t\t\t<div class=\"elementor-field-type-textarea elementor-field-group elementor-column elementor-field-group-message elementor-col-100\">\n\t\t\t\t\t\t\t\t\t\t\t\t<label for=\"form-field-message\" class=\"elementor-field-label\">\n\t\t\t\t\t\t\t\tMessage\t\t\t\t\t\t\t<\/label>\n\t\t\t\t\t\t<textarea class=\"elementor-field-textual elementor-field  elementor-size-sm\" name=\"form_fields[message]\" id=\"form-field-message\" rows=\"4\" placeholder=\"Message\"><\/textarea>\t\t\t\t<\/div>\n\t\t\t\t\t\t\t\t<div class=\"elementor-field-group elementor-column elementor-field-type-submit elementor-col-100 e-form__buttons\">\n\t\t\t\t\t<button class=\"elementor-button elementor-size-sm\" type=\"submit\">\n\t\t\t\t\t\t<span class=\"elementor-button-content-wrapper\">\n\t\t\t\t\t\t\t\t\t\t\t\t\t\t\t\t\t\t\t\t\t\t<span class=\"elementor-button-text\">Envoyer<\/span>\n\t\t\t\t\t\t\t\t\t\t\t\t\t<\/span>\n\t\t\t\t\t<\/button>\n\t\t\t\t<\/div>\n\t\t\t<\/div>\n\t\t<input\n                    class=\"apbct_special_field apbct_email_id__elementor_form\"\n                    name=\"apbct__email_id__elementor_form\"\n                    aria-label=\"apbct__label_id__elementor_form\"\n                    type=\"text\" size=\"30\" maxlength=\"200\" autocomplete=\"off\"\n                    value=\"\"\n                \/><\/form>\n\t\t\t\t\t\t<\/div>\n\t\t\t\t<\/div>\n\t\t\t\t\t<\/div>\n\t\t<\/div>\n\t\t\t\t\t<\/div>\n\t\t<\/section>\n\t\t\t\t<\/div>\n\t\t","protected":false},"excerpt":{"rendered":"<p>Promouvoir les acteurs culturels des Cara\u00efbes Notre plateforme est d\u00e9di\u00e9e \u00e0 la promotion des acteurs culturels des Cara\u00efbes. Que vous soyez artiste, cr\u00e9ateur, technicien, organisateur d&#8217;\u00e9v\u00e9nements ou autre professionnel du secteur, nous vous proposons une gamme de services adapt\u00e9s \u00e0 vos besoins : renforcez votre pr\u00e9sence et votre visibilit\u00e9 sur notre plateforme et aupr\u00e8s de [&hellip;]<\/p>\n","protected":false},"author":2,"featured_media":0,"parent":0,"menu_order":0,"comment_status":"closed","ping_status":"closed","template":"","meta":{"_acf_changed":false,"footnotes":""},"class_list":["post-22859","page","type-page","status-publish","hentry"],"acf":[],"_links":{"self":[{"href":"https:\/\/richeskarayib.com\/cpf\/wp-json\/wp\/v2\/pages\/22859","targetHints":{"allow":["GET"]}}],"collection":[{"href":"https:\/\/richeskarayib.com\/cpf\/wp-json\/wp\/v2\/pages"}],"about":[{"href":"https:\/\/richeskarayib.com\/cpf\/wp-json\/wp\/v2\/types\/page"}],"author":[{"embeddable":true,"href":"https:\/\/richeskarayib.com\/cpf\/wp-json\/wp\/v2\/users\/2"}],"replies":[{"embeddable":true,"href":"https:\/\/richeskarayib.com\/cpf\/wp-json\/wp\/v2\/comments?post=22859"}],"version-history":[{"count":0,"href":"https:\/\/richeskarayib.com\/cpf\/wp-json\/wp\/v2\/pages\/22859\/revisions"}],"wp:attachment":[{"href":"https:\/\/richeskarayib.com\/cpf\/wp-json\/wp\/v2\/media?parent=22859"}],"curies":[{"name":"wp","href":"https:\/\/api.w.org\/{rel}","templated":true}]}}