{"id":27934,"date":"2024-05-07T14:58:22","date_gmt":"2024-05-07T14:58:22","guid":{"rendered":"https:\/\/richeskarayib.com\/avis-juridique\/"},"modified":"2024-12-29T00:12:26","modified_gmt":"2024-12-29T00:12:26","slug":"avis-juridique","status":"publish","type":"page","link":"https:\/\/richeskarayib.com\/cpf\/avis-juridique\/","title":{"rendered":"Avis juridique"},"content":{"rendered":"\t\t<div data-elementor-type=\"wp-page\" data-elementor-id=\"27934\" class=\"elementor elementor-27934 elementor-27933\" data-elementor-post-type=\"page\">\n\t\t\t\t\t\t<section class=\"elementor-section elementor-top-section elementor-element elementor-element-26efb266 elementor-section-boxed elementor-section-height-default elementor-section-height-default\" data-id=\"26efb266\" data-element_type=\"section\">\n\t\t\t\t\t\t<div class=\"elementor-container elementor-column-gap-default\">\n\t\t\t\t\t<div class=\"elementor-column elementor-col-100 elementor-top-column elementor-element elementor-element-5f988b3\" data-id=\"5f988b3\" data-element_type=\"column\">\n\t\t\t<div class=\"elementor-widget-wrap elementor-element-populated\">\n\t\t\t\t\t\t<div class=\"elementor-element elementor-element-5bc9d420 elementor-widget elementor-widget-text-editor\" data-id=\"5bc9d420\" data-element_type=\"widget\" data-widget_type=\"text-editor.default\">\n\t\t\t\t<div class=\"elementor-widget-container\">\n\t\t\t\t\t\t\t\t\t\n          <h2>\n            <strong>1 &#8211; Editer le site<\/strong>\n          <\/h2>\n          \n\n          <p>En vertu de l&#8217;<a href=\"https:\/\/www.legifrance.gouv.fr\/loda\/id\/JORFTEXT000000801164#LEGIARTI000042038977\" rel=\"nofollow noopener\" target=\"_blank\">article 6 de la loi n\u00b0 2004-575 du 21 juin 2004<\/a> pour la confiance dans l&#8217;\u00e9conomie num\u00e9rique, il est pr\u00e9cis\u00e9 aux utilisateurs du site https:\/\/richeskarayib.com\/ l&#8217;identit\u00e9 des diff\u00e9rents intervenants dans le cadre de sa r\u00e9alisation et de son suivi :<\/p>\n          \n\n          <p>Propri\u00e9taire du site : Rich\u00e8s Karayib &#8211; Sabrina AJAX<\/p>\n          \n\n          <p>Contact : <span \n                data-original-string='yKdo+v34w4BVBjmtqpg++Q==66ddq3e5yn\/+bUcK5PoITPvMGBg3Z8W2lxHede2AXQe\/lw='\n                class='apbct-email-encoder'\n                title='This contact has been encoded by Anti-Spam by CleanTalk. Click to decode. To finish the decoding make sure that JavaScript is enabled in your browser.'>in<span class=\"apbct-blur\">**<\/span>@<span class=\"apbct-blur\">***********<\/span>ib.com<\/span> &#8211; Adresse : BAT STELIO APPT 8 RES BATIVAL CHATEAUBOEUF 97200 FORT-DE-FRANCE.<\/p>\n          \n\n          <p>Identification de l&#8217;entreprise : Rich\u00e8s Karayib<\/p>\n          \n\n          <p>Adresse postale : BAT STELIO APPT 8 RES BATIVAL CHATEAUBEUF 97200 FORT-DE-FRANCE &#8211; [Instructions : ajouter ici le lien hypertexte vers la page de vos conditions g\u00e9n\u00e9rales de vente si vous en avez un].<\/p>\n          \n\n          <p>SIR\u00c8NE : 935 329 409<\/p>\n          \n\n          <p>Editeur : Sabrina AJAX &#8211;&nbsp; Rich\u00e8s Karayib<\/p>\n          \n\n          <p>Contact : + 596 696 11 50 91<\/p>\n          \n\n          <p>Contact : <span \n                data-original-string='Nx0W5NQiWGTuK8XQfsonTA==66dGOLtUWh2HemrfgQh9hieeZKoizu+9T9BqCehRY9oLoM='\n                class='apbct-email-encoder'\n                title='This contact has been encoded by Anti-Spam by CleanTalk. Click to decode. To finish the decoding make sure that JavaScript is enabled in your browser.'>in<span class=\"apbct-blur\">**<\/span>@<span class=\"apbct-blur\">***********<\/span>ib.com<\/span>.<\/p>\n          \n\n          <p>H\u00e9bergeur : OVH &#8211; 2 Rue Kellermann 59100 Roubaix &#8211; France ; Site web : www.ovhcloud.com. (tel : 0972101007)<\/p>\n          \n\n          <h2>\n            <strong>2 &#8211; Propri\u00e9t\u00e9 intellectuelle et contrefa\u00e7ons.<\/strong>\n          <\/h2>\n          \n\n          <p>Rich\u00e8s Karayib est propri\u00e9taire des droits de propri\u00e9t\u00e9 intellectuelle et d\u00e9tient les droits d&#8217;usage sur tous les \u00e9l\u00e9ments accessibles sur le site internet, notamment les textes, images, graphismes, logos, vid\u00e9os, architectures, ic\u00f4nes et sons.<\/p>\n          \n\n          <p>Toute reproduction, repr\u00e9sentation, modification, publication, adaptation de tout ou partie des \u00e9l\u00e9ments du site, quel que soit le moyen ou le proc\u00e9d\u00e9 utilis\u00e9, est interdite, sauf autorisation \u00e9crite pr\u00e9alable de Sabrina AJAX &#8211; Rich\u00e8s Karayib.<\/p>\n          \n\n          <p>Toute exploitation non autoris\u00e9e du site ou de l&#8217;un quelconque des \u00e9l\u00e9ments qu&#8217;il contient sera consid\u00e9r\u00e9e comme constitutive d&#8217;une contrefa\u00e7on et poursuivie conform\u00e9ment aux dispositions des articles <a href=\"https:\/\/www.legifrance.gouv.fr\/codes\/article_lc\/LEGIARTI000032655082\" rel=\"nofollow noopener\" target=\"_blank\">L.335-2 et suivants du Code de la propri\u00e9t\u00e9 intellectuelle<\/a>.<\/p>\n          \n\n          <h2>\n            <strong>3 &#8211; Limitations de responsabilit\u00e9.<\/strong>\n          <\/h2>\n          \n\n          <p>Sabrina AJAX &#8211; Rich\u00e8s Karayib ne pourra \u00eatre tenue responsable des dommages directs et indirects caus\u00e9s au mat\u00e9riel de l&#8217;utilisateur, lors de l&#8217;acc\u00e8s au site https:\/\/richeskarayib.com\/.<\/p>\n          \n\n          <p>Sabrina AJAX &#8211; Rich\u00e8s Karayib d\u00e9cline toute responsabilit\u00e9 quant \u00e0 l&#8217;utilisation qui pourrait \u00eatre faite des informations et contenus pr\u00e9sents sur https:\/\/richeskarayib.com\/.<\/p>\n          \n\n          <p>Sabrina AJAX &#8211; Rich\u00e8s Karayib s&#8217;engage \u00e0 s\u00e9curiser autant que possible le site https:\/\/richeskarayib.com\/, mais sa responsabilit\u00e9 ne saurait \u00eatre mise en cause si des donn\u00e9es ind\u00e9sirables sont import\u00e9es et install\u00e9es sur son site \u00e0 son insu.<\/p>\n          \n\n          <p>Des espaces interactifs (zone de contact ou commentaires) sont \u00e0 la disposition des utilisateurs. Sabrina AJAX &#8211; Rich\u00e8s Karayib se r\u00e9serve le droit de supprimer, sans mise en demeure pr\u00e9alable, tout contenu d\u00e9pos\u00e9 dans cet espace qui contreviendrait \u00e0 la l\u00e9gislation applicable en France, en particulier aux dispositions relatives \u00e0 la protection des donn\u00e9es.<\/p>\n          \n\n          <p>Le cas \u00e9ch\u00e9ant, Sabrina AJAX &#8211; Rich\u00e8s Karayib I se r\u00e9serve \u00e9galement la possibilit\u00e9 de mettre en cause la responsabilit\u00e9 civile et\/ou p\u00e9nale de l&#8217;utilisateur, notamment en cas de message \u00e0 caract\u00e8re raciste, injurieux, diffamant, ou pornographique, quel que soit le support utilis\u00e9 (texte, photographie&#8230;).<\/p>\n          \n\n          <h2>\n            <strong>4 &#8211; La CNIL et la gestion des donn\u00e9es personnelles.<\/strong>\n          <\/h2>\n          \n\n          <p>Conform\u00e9ment aux dispositions <a href=\"https:\/\/www.legifrance.gouv.fr\/loda\/id\/JORFTEXT000000886460\" rel=\"nofollow noopener\" target=\"_blank\">de la loi 78-17 du 6 janvier 1978<\/a> modifi\u00e9e, l&#8217;utilisateur du site https:\/\/richeskarayib.com\/ dispose d&#8217;un droit d&#8217;acc\u00e8s, de modification et de suppression des informations collect\u00e9es. Pour exercer ce droit, envoyez un message \u00e0 notre d\u00e9l\u00e9gu\u00e9 \u00e0 la protection des donn\u00e9es : &#8211; .<\/p>\n          \n\n          <p>Pour plus d&#8217;informations sur la mani\u00e8re dont nous traitons vos donn\u00e9es (type de donn\u00e9es, finalit\u00e9, destinataire&#8230;), consultez notre site <a href=\"https:\/\/richeskarayib.com\/cpf\/politique-de-confidentialite-2\/\">https:\/\/richeskarayib.com\/privacy-policy\/<\/a>.<\/p>\n          \n\n          <h2>\n            <strong>5 &#8211; Liens hypertextes et cookies<\/strong>\n          <\/h2>\n          \n\n          <p>Le site https:\/\/richeskarayib.com\/ contient des liens hypertextes vers d&#8217;autres sites et d\u00e9cline toute responsabilit\u00e9 concernant ces liens externes ou les liens cr\u00e9\u00e9s par d&#8217;autres sites vers https:\/\/richeskarayib.com\/.<\/p>\n          \n\n          <p>La navigation sur le site https:\/\/richeskarayib.com\/ est susceptible de provoquer l&#8217;installation de cookie(s) sur l&#8217;ordinateur de l&#8217;utilisateur.<\/p>\n          \n\n          <p>Un &#8220;cookie&#8221; est un petit fichier qui enregistre des informations relatives \u00e0 la navigation d&#8217;un utilisateur sur un site. Les donn\u00e9es ainsi obtenues permettent d&#8217;obtenir des mesures de fr\u00e9quentation, par exemple.<\/p>\n          \n\n          <p>Vous avez la possibilit\u00e9 d&#8217;accepter ou de refuser les cookies en modifiant les param\u00e8tres de votre navigateur. Aucun cookie ne sera plac\u00e9 sans votre consentement.<\/p>\n          \n\n          <p>Les cookies sont stock\u00e9s pour une dur\u00e9e maximale de 12 mois.<\/p>\n          \n\n          <p>Pour plus d&#8217;informations sur l&#8217;utilisation des cookies, consultez notre site <a href=\"https:\/\/richeskarayib.com\/cpf\/politique-de-confidentialite-2\/\">https:\/\/richeskarayib.com\/privacy-policy\/<\/a>.<\/p>\n          \n\n          <h2>\n            <strong>6 &#8211; Droit applicable et juridiction.<\/strong>\n          <\/h2>\n          \n\n          <p>Tout litige en relation avec l&#8217;utilisation du site https:\/\/richeskarayib.com\/ est soumis au droit fran\u00e7ais. En dehors des cas o\u00f9 la loi ne le permet pas, comp\u00e9tence exclusive est attribu\u00e9e aux tribunaux comp\u00e9tents de Fort &#8211; De &#8211; France.ovhcloud.com<\/p>\n        \t\t\t\t\t\t\t\t<\/div>\n\t\t\t\t<\/div>\n\t\t\t\t\t<\/div>\n\t\t<\/div>\n\t\t\t\t\t<\/div>\n\t\t<\/section>\n\t\t\t\t<\/div>\n\t\t","protected":false},"excerpt":{"rendered":"<p>1 &#8211; Editer le site En vertu de l&#8217;article 6 de la loi n\u00b0 2004-575 du 21 juin 2004 pour la confiance dans l&#8217;\u00e9conomie num\u00e9rique, il est pr\u00e9cis\u00e9 aux utilisateurs du site https:\/\/richeskarayib.com\/ l&#8217;identit\u00e9 des diff\u00e9rents intervenants dans le cadre de sa r\u00e9alisation et de son suivi : Propri\u00e9taire du site : Rich\u00e8s Karayib &#8211; [&hellip;]<\/p>\n","protected":false},"author":83,"featured_media":0,"parent":0,"menu_order":0,"comment_status":"closed","ping_status":"closed","template":"elementor_header_footer","meta":{"_acf_changed":false,"footnotes":""},"class_list":["post-27934","page","type-page","status-publish","hentry"],"acf":[],"_links":{"self":[{"href":"https:\/\/richeskarayib.com\/cpf\/wp-json\/wp\/v2\/pages\/27934","targetHints":{"allow":["GET"]}}],"collection":[{"href":"https:\/\/richeskarayib.com\/cpf\/wp-json\/wp\/v2\/pages"}],"about":[{"href":"https:\/\/richeskarayib.com\/cpf\/wp-json\/wp\/v2\/types\/page"}],"author":[{"embeddable":true,"href":"https:\/\/richeskarayib.com\/cpf\/wp-json\/wp\/v2\/users\/83"}],"replies":[{"embeddable":true,"href":"https:\/\/richeskarayib.com\/cpf\/wp-json\/wp\/v2\/comments?post=27934"}],"version-history":[{"count":0,"href":"https:\/\/richeskarayib.com\/cpf\/wp-json\/wp\/v2\/pages\/27934\/revisions"}],"wp:attachment":[{"href":"https:\/\/richeskarayib.com\/cpf\/wp-json\/wp\/v2\/media?parent=27934"}],"curies":[{"name":"wp","href":"https:\/\/api.w.org\/{rel}","templated":true}]}}