{"id":22788,"date":"2024-03-19T15:13:16","date_gmt":"2024-03-19T15:13:16","guid":{"rendered":"http:\/\/richeskarayib.com\/condiciones-generales\/"},"modified":"2024-09-23T12:12:40","modified_gmt":"2024-09-23T12:12:40","slug":"condiciones-generales","status":"publish","type":"page","link":"https:\/\/richeskarayib.com\/es\/condiciones-generales\/","title":{"rendered":"Condiciones generales"},"content":{"rendered":"\t\t<div data-elementor-type=\"wp-page\" data-elementor-id=\"22788\" class=\"elementor elementor-22788 elementor-17295\" data-elementor-post-type=\"page\">\n\t\t\t\t\t\t<section class=\"elementor-section elementor-top-section elementor-element elementor-element-26efb266 elementor-section-boxed elementor-section-height-default elementor-section-height-default\" data-id=\"26efb266\" data-element_type=\"section\">\n\t\t\t\t\t\t<div class=\"elementor-container elementor-column-gap-default\">\n\t\t\t\t\t<div class=\"elementor-column elementor-col-100 elementor-top-column elementor-element elementor-element-5f988b3\" data-id=\"5f988b3\" data-element_type=\"column\">\n\t\t\t<div class=\"elementor-widget-wrap elementor-element-populated\">\n\t\t\t\t\t\t<div class=\"elementor-element elementor-element-2cddae9 elementor-widget elementor-widget-heading\" data-id=\"2cddae9\" data-element_type=\"widget\" data-widget_type=\"heading.default\">\n\t\t\t\t<div class=\"elementor-widget-container\">\n\t\t\t\t\t<h1 class=\"elementor-heading-title elementor-size-default\">T\u00e9rminos y condiciones  <\/h1>\t\t\t\t<\/div>\n\t\t\t\t<\/div>\n\t\t\t\t<div class=\"elementor-element elementor-element-5bc9d420 elementor-widget elementor-widget-text-editor\" data-id=\"5bc9d420\" data-element_type=\"widget\" data-widget_type=\"text-editor.default\">\n\t\t\t\t<div class=\"elementor-widget-container\">\n\t\t\t\t\t\t\t\t\t<p>\u00a1Bienvenido a Riches Karayib! Estos t\u00e9rminos y condiciones describen las normas y reglamentos de uso del sitio web Riches Karayib, ubicado en https:\/\/richeskarayib.com\/.<\/p>\n<p>Al acceder a este sitio web, asumimos que aceptas estos t\u00e9rminos y condiciones. No sigas utilizando Riches Karayib si no est\u00e1s de acuerdo en aceptar todos los t\u00e9rminos y condiciones establecidos en esta p\u00e1gina.<\/p>\n<h2>\n            <strong>Cookies<\/strong><br \/>\n          <\/h2>\n<p>Utilizamos cookies. Al acceder a Riches Karayib, aceptas el uso de cookies de acuerdo con la Pol\u00edtica de privacidad de Riches Karayib.<\/p>\n<h2>\n            <strong>Licencia<\/strong><br \/>\n          <\/h2>\n<p>A menos que se indique lo contrario, Riches Karayib y\/o sus licenciantes poseen los derechos de propiedad intelectual de todo el material de Riches Karayib. Todos los derechos de propiedad intelectual est\u00e1n reservados. Puedes acceder a esto desde Riquezas Karayib para tu uso personal sujeto a las restricciones establecidas en estos t\u00e9rminos y condiciones.<\/p>\n<h2>\n            <strong>Restricciones<\/strong><br \/>\n          <\/h2>\n<p>Se te restringe espec\u00edficamente todo lo siguiente:<\/p>\n<p>publicar cualquier material de Riches Karayib en cualquier otro medio;<br \/>vender, sublicenciar y\/o comercializar de otro modo cualquier material de Riches Karayib;<br \/>representar y\/o mostrar p\u00fablicamente cualquier material de Riches Karayib;<br \/>utilizar este sitio web de cualquier forma que sea o pueda ser perjudicial para este sitio web;<br \/>utilizar este sitio web de cualquier forma que afecte al acceso de los usuarios a este sitio web;<br \/>utilizar este sitio web de forma contraria a las leyes y normativas aplicables, o que de cualquier forma pueda causar da\u00f1os al sitio web, o a cualquier persona o entidad comercial;<br \/>realizar cualquier tipo de miner\u00eda de datos, recopilaci\u00f3n de datos, extracci\u00f3n de datos o cualquier otra actividad similar en relaci\u00f3n con este sitio web;<br \/>utilizar este sitio web para realizar cualquier tipo de publicidad o marketing.<br \/>Ciertas \u00e1reas de este sitio web tienen restringido el acceso por tu parte y Riches Karayib puede restringir a\u00fan m\u00e1s el acceso por tu parte a cualquier \u00e1rea de este sitio web, en cualquier momento, a su absoluta discreci\u00f3n. El nombre de usuario y la contrase\u00f1a que puedas tener para este sitio web son confidenciales y t\u00fa tambi\u00e9n debes mantener la confidencialidad.<\/p>\n<h2>\n            <strong>Tu contenido<\/strong><br \/>\n          <\/h2>\n<p>En estos t\u00e9rminos y condiciones, &#8220;Tu Contenido&#8221; significar\u00e1 cualquier texto de audio, v\u00eddeo, im\u00e1genes u otro material que decidas mostrar en Riches Karayib. Al mostrar Tu Contenido, concedes a Riches Karayib una licencia no exclusiva, mundial, irrevocable y sublicenciable para utilizarlo, reproducirlo, adaptarlo, publicarlo, traducirlo y distribuirlo en cualquier medio.<\/p>\n<h2>\n            <strong>Reserva de derechos<\/strong><br \/>\n          <\/h2>\n<p>Nos reservamos el derecho a solicitar que elimines todos los enlaces o cualquier enlace concreto a nuestro sitio web. Apruebas eliminar inmediatamente todos los enlaces a nuestro sitio web cuando se te solicite. Tambi\u00e9n nos reservamos el derecho a modificar estas condiciones y su pol\u00edtica de enlaces en cualquier momento. Al enlazar continuamente a nuestro sitio web, aceptas estar obligado a cumplir y seguir estos t\u00e9rminos y condiciones de enlace.<\/p>\n<h2>\n            <strong>Eliminaci\u00f3n de enlaces de nuestro sitio web<\/strong><br \/>\n          <\/h2>\n<p>Si encuentras alg\u00fan enlace en nuestro sitio web que te resulte ofensivo por cualquier motivo, puedes ponerte en contacto con nosotros e informarnos en cualquier momento. Tendremos en cuenta las solicitudes de eliminaci\u00f3n de enlaces, pero no estamos obligados a hacerlo ni a responderte directamente.<\/p>\n<h2>\n            <strong>Descargo de responsabilidad<\/strong><br \/>\n          <\/h2>\n<p>En la medida m\u00e1xima permitida por la legislaci\u00f3n aplicable, excluimos todas las declaraciones, garant\u00edas y condiciones relativas a nuestro sitio web y al uso del mismo. Nada de lo contenido en esta cl\u00e1usula de exenci\u00f3n de responsabilidad<\/p>\n<p>limitar o excluir nuestra o vuestra responsabilidad por muerte o lesiones personales;<br \/>limitar o excluir nuestra o vuestra responsabilidad por fraude o tergiversaci\u00f3n fraudulenta;<br \/>limitar cualquiera de nuestras o vuestras responsabilidades de cualquier forma que no est\u00e9 permitida por la legislaci\u00f3n aplicable; o<br \/>excluir cualquiera de nuestras o vuestras responsabilidades que no puedan excluirse en virtud de la legislaci\u00f3n aplicable.<br \/>Indemnizaci\u00f3n<\/p>\n<p>Por la presente indemnizas al m\u00e1ximo a Riches Karayib de y contra cualquier y\/o todas las responsabilidades, costes, demandas, causas de acci\u00f3n, da\u00f1os y gastos que surjan de cualquier forma relacionados con tu incumplimiento de cualquiera de las disposiciones de estos t\u00e9rminos.<\/p>\n<h2>\n            <strong>Divisibilidad<\/strong><br \/>\n          <\/h2>\n<p>Si alguna disposici\u00f3n de estos t\u00e9rminos se considera inv\u00e1lida en virtud de cualquier ley aplicable, dichas disposiciones se eliminar\u00e1n sin que ello afecte a las disposiciones restantes del presente documento.<\/p>\n<h2>\n            <strong>Variaci\u00f3n de t\u00e9rminos<\/strong><br \/>\n          <\/h2>\n<p>Riches Karayib puede revisar estos t\u00e9rminos en cualquier momento si lo considera oportuno, y al utilizar este sitio web se espera que revises estos t\u00e9rminos de forma regular.<\/p>\n<h2>\n            <strong>Asignaci\u00f3n<\/strong><br \/>\n          <\/h2>\n<p>The Riches Karayib est\u00e1 autorizado a ceder, transferir y subcontratar sus derechos y\/u obligaciones en virtud de estos t\u00e9rminos sin notificaci\u00f3n alguna. Sin embargo, no est\u00e1s autorizado a ceder, transferir o subcontratar ninguno de tus derechos y\/u obligaciones en virtud de estas condiciones.<\/p>\n<h2>\n            <strong>Acuerdo completo<\/strong><br \/>\n          <\/h2>\n<p>Estos t\u00e9rminos constituyen el acuerdo completo entre Riches Karayib y t\u00fa en relaci\u00f3n con tu uso de este sitio web y sustituyen a todos los acuerdos y entendimientos anteriores.<\/p>\n<h2>\n            <strong>Ley aplicable y jurisdicci\u00f3n<\/strong><br \/>\n          <\/h2>\n<p>Estos t\u00e9rminos se regir\u00e1n e interpretar\u00e1n de acuerdo con las leyes de la jurisdicci\u00f3n de Riches Karayib, y te sometes a la jurisdicci\u00f3n no exclusiva de los tribunales estatales y federales ubicados en dicha jurisdicci\u00f3n para la resoluci\u00f3n de cualquier disputa.<\/p>\n\t\t\t\t\t\t\t\t<\/div>\n\t\t\t\t<\/div>\n\t\t\t\t\t<\/div>\n\t\t<\/div>\n\t\t\t\t\t<\/div>\n\t\t<\/section>\n\t\t\t\t<\/div>\n\t\t","protected":false},"excerpt":{"rendered":"<p>T\u00e9rminos y condiciones \u00a1Bienvenido a Riches Karayib! Estos t\u00e9rminos y condiciones describen las normas y reglamentos de uso del sitio web Riches Karayib, ubicado en https:\/\/richeskarayib.com\/. Al acceder a este sitio web, asumimos que aceptas estos t\u00e9rminos y condiciones. No sigas utilizando Riches Karayib si no est\u00e1s de acuerdo en aceptar todos los t\u00e9rminos y [&hellip;]<\/p>\n","protected":false},"author":2,"featured_media":0,"parent":0,"menu_order":0,"comment_status":"closed","ping_status":"closed","template":"","meta":{"_acf_changed":false,"footnotes":""},"class_list":["post-22788","page","type-page","status-publish","hentry"],"acf":[],"_links":{"self":[{"href":"https:\/\/richeskarayib.com\/es\/wp-json\/wp\/v2\/pages\/22788","targetHints":{"allow":["GET"]}}],"collection":[{"href":"https:\/\/richeskarayib.com\/es\/wp-json\/wp\/v2\/pages"}],"about":[{"href":"https:\/\/richeskarayib.com\/es\/wp-json\/wp\/v2\/types\/page"}],"author":[{"embeddable":true,"href":"https:\/\/richeskarayib.com\/es\/wp-json\/wp\/v2\/users\/2"}],"replies":[{"embeddable":true,"href":"https:\/\/richeskarayib.com\/es\/wp-json\/wp\/v2\/comments?post=22788"}],"version-history":[{"count":0,"href":"https:\/\/richeskarayib.com\/es\/wp-json\/wp\/v2\/pages\/22788\/revisions"}],"wp:attachment":[{"href":"https:\/\/richeskarayib.com\/es\/wp-json\/wp\/v2\/media?parent=22788"}],"curies":[{"name":"wp","href":"https:\/\/api.w.org\/{rel}","templated":true}]}}