{"id":27931,"date":"2024-05-07T14:16:50","date_gmt":"2024-05-07T14:16:50","guid":{"rendered":"https:\/\/richeskarayib.com\/politica-de-confidencialidad\/"},"modified":"2024-09-23T12:31:30","modified_gmt":"2024-09-23T12:31:30","slug":"politica-de-confidencialidad","status":"publish","type":"page","link":"https:\/\/richeskarayib.com\/es\/politica-de-confidencialidad\/","title":{"rendered":"Pol\u00edtica de privacidad"},"content":{"rendered":"\t\t<div data-elementor-type=\"wp-page\" data-elementor-id=\"27931\" class=\"elementor elementor-27931 elementor-27927\" data-elementor-post-type=\"page\">\n\t\t\t\t\t\t<section class=\"elementor-section elementor-top-section elementor-element elementor-element-5d78e628 elementor-section-boxed elementor-section-height-default elementor-section-height-default\" data-id=\"5d78e628\" data-element_type=\"section\">\n\t\t\t\t\t\t<div class=\"elementor-container elementor-column-gap-default\">\n\t\t\t\t\t<div class=\"elementor-column elementor-col-100 elementor-top-column elementor-element elementor-element-10f56bdf\" data-id=\"10f56bdf\" data-element_type=\"column\">\n\t\t\t<div class=\"elementor-widget-wrap elementor-element-populated\">\n\t\t\t\t\t\t<div class=\"elementor-element elementor-element-e35bf89 elementor-widget elementor-widget-text-editor\" data-id=\"e35bf89\" data-element_type=\"widget\" data-widget_type=\"text-editor.default\">\n\t\t\t\t<div class=\"elementor-widget-container\">\n\t\t\t\t\t\t\t\t\t<h2>\n            <strong>\u00bfQui\u00e9n demonios somos?<\/strong><br \/>\n          <\/h2>\n<p>La direcci\u00f3n de nuestro sitio web es: https:\/\/richeskarayib.com.<\/p>\n<h2>\n            <strong>Comentarios<\/strong><br \/>\n          <\/h2>\n<p>Cuando dejas un comentario en nuestro sitio, se recogen los datos introducidos en el formulario de comentarios, as\u00ed como tu direcci\u00f3n IP y el agente de usuario de tu navegador, para ayudarnos a detectar comentarios no deseados.<\/p>\n<p>Se puede enviar una cadena anonimizada creada a partir de tu direcci\u00f3n de correo electr\u00f3nico (tambi\u00e9n llamada hash) al servicio Gravatar para comprobar si lo est\u00e1s utilizando. Las cl\u00e1usulas de privacidad del servicio Gravatar est\u00e1n disponibles aqu\u00ed: https:\/\/automattic.com\/privacy\/. Tras validar tu comentario, tu foto de perfil ser\u00e1 visible p\u00fablicamente junto a tu comentario.<\/p>\n<h2>\n            <strong>Medios de comunicaci\u00f3n<\/strong><br \/>\n          <\/h2>\n<p>Texto sugerido: Si subes im\u00e1genes al sitio, te aconsejamos que evites subir im\u00e1genes que contengan datos EXIF de coordenadas GPS. Las personas que visiten tu sitio pueden descargar y extraer datos de localizaci\u00f3n de estas im\u00e1genes.<\/p>\n<h2>\n            <strong>Cookies<\/strong><br \/>\n          <\/h2>\n<p>Si dejas un comentario en nuestro sitio, se te ofrecer\u00e1 guardar tu nombre, direcci\u00f3n de correo electr\u00f3nico y sitio en cookies. Esto es s\u00f3lo para tu comodidad, para que no tengas que introducir esta informaci\u00f3n si publicas otro comentario m\u00e1s tarde. Estas cookies caducan al cabo de un a\u00f1o.<\/p>\n<p>Si visitas la p\u00e1gina de inicio de sesi\u00f3n, se crear\u00e1 una cookie temporal para determinar si tu navegador acepta cookies. No contiene ning\u00fan dato personal y se borrar\u00e1 autom\u00e1ticamente al cerrar tu navegador.<\/p>\n<p>Cuando te conectes, estableceremos una serie de cookies para guardar tu informaci\u00f3n de acceso y tus preferencias de pantalla. La vida \u00fatil de una cookie de inicio de sesi\u00f3n es de dos d\u00edas, la de una cookie de opci\u00f3n de pantalla es de un a\u00f1o. Si marcas &#8220;Recordarme&#8221;, tu cookie de inicio de sesi\u00f3n se conservar\u00e1 durante dos semanas. Si cierras la sesi\u00f3n de tu cuenta, se borrar\u00e1 la cookie de inicio de sesi\u00f3n.<\/p>\n<p>Al editar o publicar una publicaci\u00f3n, se guardar\u00e1 una cookie adicional en tu navegador. Esta cookie no incluye ning\u00fan dato personal. Simplemente indica el ID de la entrada que acabas de modificar. Caduca al cabo de un d\u00eda.<\/p>\n<p>Contenido incrustado de otros sitios<\/p>\n<p>Los art\u00edculos de este sitio pueden incluir contenido incrustado (por ejemplo, v\u00eddeos, im\u00e1genes, art\u00edculos, etc.). El contenido incrustado de otros sitios se comporta de la misma manera que si el visitante fuera a ese otro sitio.<\/p>\n<p>Estos sitios web pueden recopilar datos sobre ti, utilizar cookies, incrustar herramientas de seguimiento de terceros, rastrear tus interacciones con dicho contenido incrustado si tienes una cuenta conectada a su sitio web.<\/p>\n<p>Uso y transmisi\u00f3n de tus datos personales<\/p>\n<p>Si solicitas un restablecimiento de contrase\u00f1a, tu direcci\u00f3n IP se incluir\u00e1 en el correo electr\u00f3nico de restablecimiento.<\/p>\n<h2>\n            <strong>Tiempos de almacenamiento de tus datos<\/strong><br \/>\n          <\/h2>\n<p>Si dejas un comentario, el comentario y sus metadatos se conservan indefinidamente. Esto reconocer\u00e1 y aprobar\u00e1 autom\u00e1ticamente los siguientes comentarios en lugar de dejarlos en la cola de moderaci\u00f3n.<\/p>\n<p>Para las cuentas que se registran en nuestro sitio (si procede), tambi\u00e9n almacenamos los datos personales indicados en su perfil. Todas las cuentas pueden ver, cambiar o eliminar su informaci\u00f3n personal en cualquier momento (excepto su nombre de usuario). Los administradores del sitio tambi\u00e9n pueden ver y editar esta informaci\u00f3n.<\/p>\n<h2>\n            <strong>Los derechos que tienes sobre tus datos<\/strong><br \/>\n          <\/h2>\n<p>Si tienes una cuenta o has dejado comentarios en el sitio, puedes solicitar que te enviemos un archivo con todos los datos personales que tenemos sobre ti, incluidos los que nos has facilitado. Tambi\u00e9n puedes solicitar la supresi\u00f3n de tus datos personales. Esto no tiene en cuenta los datos almacenados con fines administrativos, legales o de seguridad.<\/p>\n<h2>\n            <strong>D\u00f3nde se env\u00edan tus datos<\/strong><br \/>\n          <\/h2>\n<p>Los comentarios de los visitantes pueden verificarse mediante un servicio automatizado de detecci\u00f3n de spam.<\/p>\n\t\t\t\t\t\t\t\t<\/div>\n\t\t\t\t<\/div>\n\t\t\t\t\t<\/div>\n\t\t<\/div>\n\t\t\t\t\t<\/div>\n\t\t<\/section>\n\t\t\t\t<\/div>\n\t\t","protected":false},"excerpt":{"rendered":"<p>\u00bfQui\u00e9n demonios somos? La direcci\u00f3n de nuestro sitio web es: https:\/\/richeskarayib.com. Comentarios Cuando dejas un comentario en nuestro sitio, se recogen los datos introducidos en el formulario de comentarios, as\u00ed como tu direcci\u00f3n IP y el agente de usuario de tu navegador, para ayudarnos a detectar comentarios no deseados. Se puede enviar una cadena anonimizada [&hellip;]<\/p>\n","protected":false},"author":83,"featured_media":0,"parent":0,"menu_order":0,"comment_status":"closed","ping_status":"closed","template":"elementor_header_footer","meta":{"_acf_changed":false,"footnotes":""},"class_list":["post-27931","page","type-page","status-publish","hentry"],"acf":[],"_links":{"self":[{"href":"https:\/\/richeskarayib.com\/es\/wp-json\/wp\/v2\/pages\/27931","targetHints":{"allow":["GET"]}}],"collection":[{"href":"https:\/\/richeskarayib.com\/es\/wp-json\/wp\/v2\/pages"}],"about":[{"href":"https:\/\/richeskarayib.com\/es\/wp-json\/wp\/v2\/types\/page"}],"author":[{"embeddable":true,"href":"https:\/\/richeskarayib.com\/es\/wp-json\/wp\/v2\/users\/83"}],"replies":[{"embeddable":true,"href":"https:\/\/richeskarayib.com\/es\/wp-json\/wp\/v2\/comments?post=27931"}],"version-history":[{"count":0,"href":"https:\/\/richeskarayib.com\/es\/wp-json\/wp\/v2\/pages\/27931\/revisions"}],"wp:attachment":[{"href":"https:\/\/richeskarayib.com\/es\/wp-json\/wp\/v2\/media?parent=27931"}],"curies":[{"name":"wp","href":"https:\/\/api.w.org\/{rel}","templated":true}]}}