{"id":27936,"date":"2024-05-07T14:58:23","date_gmt":"2024-05-07T14:58:23","guid":{"rendered":"https:\/\/richeskarayib.com\/aviso-legal\/"},"modified":"2024-12-29T00:12:25","modified_gmt":"2024-12-29T00:12:25","slug":"aviso-legal","status":"publish","type":"page","link":"https:\/\/richeskarayib.com\/es\/aviso-legal\/","title":{"rendered":"Aviso legal"},"content":{"rendered":"\t\t<div data-elementor-type=\"wp-page\" data-elementor-id=\"27936\" class=\"elementor elementor-27936 elementor-27933\" data-elementor-post-type=\"page\">\n\t\t\t\t\t\t<section class=\"elementor-section elementor-top-section elementor-element elementor-element-26efb266 elementor-section-boxed elementor-section-height-default elementor-section-height-default\" data-id=\"26efb266\" data-element_type=\"section\">\n\t\t\t\t\t\t<div class=\"elementor-container elementor-column-gap-default\">\n\t\t\t\t\t<div class=\"elementor-column elementor-col-100 elementor-top-column elementor-element elementor-element-5f988b3\" data-id=\"5f988b3\" data-element_type=\"column\">\n\t\t\t<div class=\"elementor-widget-wrap elementor-element-populated\">\n\t\t\t\t\t\t<div class=\"elementor-element elementor-element-5bc9d420 elementor-widget elementor-widget-text-editor\" data-id=\"5bc9d420\" data-element_type=\"widget\" data-widget_type=\"text-editor.default\">\n\t\t\t\t<div class=\"elementor-widget-container\">\n\t\t\t\t\t\t\t\t\t<h2><strong>1 &#8211; Editar el sitio<\/strong><\/h2>\n<p>De conformidad con <a href=\"https:\/\/www.legifrance.gouv.fr\/loda\/id\/JORFTEXT000000801164#LEGIARTI000042038977\" rel=\"nofollow noopener\" target=\"_blank\">el art\u00edculo 6 de la Ley n\u00ba 2004-575, de 21 de junio de 2004<\/a>, sobre la confianza en la econom\u00eda digital, se informa a los usuarios del sitio web https:\/\/richeskarayib.com\/ de la identidad de las distintas partes implicadas en su aplicaci\u00f3n y control:<\/p>\n<p>Propietario del sitio: Rich\u00e8s Karayib &#8211; Sabrina AJAX<\/p>\n<p>Contacto: <span \n                data-original-string='Mb+cemt43IAjfhRViQNX0Q==66dl11FXhEI1nMyvE4eA61qtNiMPDtIxlTecU593pzQdtk='\n                class='apbct-email-encoder'\n                title='Este contacto ha sido codificado por Anti-Spam by CleanTalk. Haz clic para decodificar. Para finalizar la decodificaci\u00f3n, aseg\u00farate de que JavaScript est\u00e1 activado en tu navegador.'>in<span class=\"apbct-blur\">**<\/span>@<span class=\"apbct-blur\">***********<\/span>ib.com<\/span> &#8211; Direcci\u00f3n: BAT STELIO APPT 8 RES BATIVAL CHATEAUBOEUF 97200 FORT-DE-FRANCE.<\/p>\n<p>Identificaci\u00f3n de la empresa: Rich\u00e8s Karayib<\/p>\n<p>Direcci\u00f3n postal: BAT STELIO APPT 8 RES BATIVAL CHATEAUBEUF 97200 FORT-DE-FRANCE &#8211; [Instrucciones: a\u00f1ade aqu\u00ed el enlace de hipertexto a la p\u00e1gina de tus condiciones generales de venta si la tienes].<\/p>\n<p>SIRENA : 935 329 409<\/p>\n<p>Editor: Sabrina AJAX &#8211;&nbsp; Rich\u00e8s Karayib<\/p>\n<p>Contacto: + 596 696 11 50 91<\/p>\n<p>Contacto: <span \n                data-original-string='ntRSl0Ym3jIQg7zprNL0Uw==66dgqNJ4OV+9+k4TZDRvPyWKpIZ\/HRZBt5KbdN+KS7lHDU='\n                class='apbct-email-encoder'\n                title='Este contacto ha sido codificado por Anti-Spam by CleanTalk. Haz clic para decodificar. Para finalizar la decodificaci\u00f3n, aseg\u00farate de que JavaScript est\u00e1 activado en tu navegador.'>in<span class=\"apbct-blur\">**<\/span>@<span class=\"apbct-blur\">***********<\/span>ib.com<\/span>.<\/p>\n<p>Anfitri\u00f3n: OVH &#8211; 2 Rue Kellermann 59100 Roubaix &#8211; Francia ; P\u00e1gina web: www.ovhcloud.com. (tel: 0972101007)<\/p>\n<h2><strong>2 &#8211; Propiedad intelectual y falsificaciones.<\/strong><\/h2>\n<p>Rich\u00e8s Karayib es propietario de los derechos de propiedad intelectual y titular de los derechos de uso sobre todos los elementos accesibles en el sitio web, incluidos textos, im\u00e1genes, gr\u00e1ficos, logotipos, v\u00eddeos, arquitectura, iconos y sonidos.<\/p>\n<p>Queda prohibida cualquier reproducci\u00f3n, representaci\u00f3n, modificaci\u00f3n, publicaci\u00f3n, adaptaci\u00f3n de la totalidad o parte de los elementos del sitio, sea cual sea el medio o el procedimiento utilizado, salvo autorizaci\u00f3n previa por escrito de Sabrina AJAX &#8211; Rich\u00e8s Karayib.<\/p>\n<p>Cualquier uso no autorizado del sitio o de cualquiera de los elementos que contiene se considerar\u00e1 constitutivo de infracci\u00f3n y se perseguir\u00e1 de conformidad con lo dispuesto en los art\u00edculos <a href=\"https:\/\/www.legifrance.gouv.fr\/codes\/article_lc\/LEGIARTI000032655082\" rel=\"nofollow noopener\" target=\"_blank\">L.335-2 y siguientes del C\u00f3digo de la Propiedad Intelectual.<\/a><\/p>\n<h2><strong>3 &#8211; Limitaciones de responsabilidad.<\/strong><\/h2>\n<p>Sabrina AJAX &#8211; Rich\u00e8s Karayib no se hace responsable de los da\u00f1os directos e indirectos causados al material del usuario al acceder al sitio https:\/\/richeskarayib.com\/.<\/p>\n<p>Sabrina AJAX &#8211; Rich\u00e8s Karayib declina toda responsabilidad por el uso que pueda hacerse de la informaci\u00f3n y contenidos presentes en https:\/\/richeskarayib.com\/.<\/p>\n<p>Sabrina AJAX &#8211; Rich\u00e8s Karayib se compromete a asegurar al m\u00e1ximo el sitio https:\/\/richeskarayib.com\/, sin embargo, su responsabilidad no puede ser cuestionada si se importan e instalan datos no deseados en su sitio sin su conocimiento.<\/p>\n<p>Los usuarios disponen de espacios interactivos (zona de contacto o comentarios). Sabrina AJAX &#8211; Rich\u00e8s Karayib se reserva el derecho de suprimir, sin previo aviso, cualquier contenido depositado en este espacio que contravenga la legislaci\u00f3n aplicable en Francia, en particular las disposiciones relativas a la protecci\u00f3n de datos.<\/p>\n<p>Cuando proceda, Sabrina AJAX &#8211; Rich\u00e8s Karayib I tambi\u00e9n se reserva el derecho de poner en tela de juicio la responsabilidad civil y\/o penal del usuario, en particular en caso de mensajes racistas, abusivos, difamatorios o pornogr\u00e1ficos, independientemente del medio utilizado (texto, fotograf\u00eda, etc.).<\/p>\n<h2><strong>4 &#8211; La CNIL y la gesti\u00f3n de datos personales.<\/strong><\/h2>\n<p>De conformidad con las disposiciones <a href=\"https:\/\/www.legifrance.gouv.fr\/loda\/id\/JORFTEXT000000886460\" rel=\"nofollow noopener\" target=\"_blank\">de la Ley 78-17 de 6 de enero de 1978<\/a> modificada, el usuario del sitio https:\/\/richeskarayib.com\/ dispone de un derecho de acceso, modificaci\u00f3n y supresi\u00f3n de los datos recogidos. Para ejercer este derecho, env\u00eda un mensaje a nuestro Responsable de Protecci\u00f3n de Datos: &#8211; .<\/p>\n<p>Para m\u00e1s informaci\u00f3n sobre c\u00f3mo procesamos tus datos (tipo de datos, finalidad, destinatario&#8230;), lee nuestra <a href=\"https:\/\/richeskarayib.com\/es\/politica-de-confidencialidad\/\">p\u00e1gina https:\/\/richeskarayib.com\/privacy-policy\/.<\/a><\/p>\n<h2><strong>5 &#8211; Enlaces de hipertexto y cookies<\/strong><\/h2>\n<p>El sitio https:\/\/richeskarayib.com\/ contiene hiperv\u00ednculos a otros sitios y declina toda responsabilidad por dichos enlaces externos o enlaces creados por otros sitios a https:\/\/richeskarayib.com\/.<\/p>\n<p>La navegaci\u00f3n por el sitio https:\/\/richeskarayib.com\/ puede provocar la instalaci\u00f3n de cookie(s) en el ordenador del usuario.<\/p>\n<p>Una &#8220;cookie&#8221; es un peque\u00f1o archivo que registra informaci\u00f3n sobre la navegaci\u00f3n de un usuario en un sitio. Los datos as\u00ed obtenidos permiten obtener medidas de asistencia, por ejemplo.<\/p>\n<p>Tienes la opci\u00f3n de aceptar o rechazar las cookies cambiando la configuraci\u00f3n de tu navegador. No se colocar\u00e1n cookies sin tu consentimiento.<\/p>\n<p>Las cookies se almacenan durante un m\u00e1ximo de 12 meses.<\/p>\n<p>Para m\u00e1s informaci\u00f3n sobre c\u00f3mo utilizamos las cookies, lee nuestra <a href=\"https:\/\/richeskarayib.com\/es\/politica-de-confidencialidad\/\">p\u00e1gina https:\/\/richeskarayib.com\/privacy-policy\/.<\/a><\/p>\n<h2><strong>6 &#8211; Ley aplicable y jurisdicci\u00f3n.<\/strong><\/h2>\n<p>Cualquier litigio relacionado con el uso del sitio https:\/\/richeskarayib.com\/ est\u00e1 sujeto a la legislaci\u00f3n francesa. Salvo en los casos en que la ley no lo permita, la competencia exclusiva se atribuye a los tribunales competentes de Fort &#8211; De &#8211; France.ovhcloud.com<\/p>\t\t\t\t\t\t\t\t<\/div>\n\t\t\t\t<\/div>\n\t\t\t\t\t<\/div>\n\t\t<\/div>\n\t\t\t\t\t<\/div>\n\t\t<\/section>\n\t\t\t\t<\/div>\n\t\t","protected":false},"excerpt":{"rendered":"<p>1 &#8211; Editar el sitio De conformidad con el art\u00edculo 6 de la Ley n\u00ba 2004-575, de 21 de junio de 2004, sobre la confianza en la econom\u00eda digital, se informa a los usuarios del sitio web https:\/\/richeskarayib.com\/ de la identidad de las distintas partes implicadas en su aplicaci\u00f3n y control: Propietario del sitio: Rich\u00e8s [&hellip;]<\/p>\n","protected":false},"author":83,"featured_media":0,"parent":0,"menu_order":0,"comment_status":"closed","ping_status":"closed","template":"elementor_header_footer","meta":{"_acf_changed":false,"footnotes":""},"class_list":["post-27936","page","type-page","status-publish","hentry"],"acf":[],"_links":{"self":[{"href":"https:\/\/richeskarayib.com\/es\/wp-json\/wp\/v2\/pages\/27936","targetHints":{"allow":["GET"]}}],"collection":[{"href":"https:\/\/richeskarayib.com\/es\/wp-json\/wp\/v2\/pages"}],"about":[{"href":"https:\/\/richeskarayib.com\/es\/wp-json\/wp\/v2\/types\/page"}],"author":[{"embeddable":true,"href":"https:\/\/richeskarayib.com\/es\/wp-json\/wp\/v2\/users\/83"}],"replies":[{"embeddable":true,"href":"https:\/\/richeskarayib.com\/es\/wp-json\/wp\/v2\/comments?post=27936"}],"version-history":[{"count":0,"href":"https:\/\/richeskarayib.com\/es\/wp-json\/wp\/v2\/pages\/27936\/revisions"}],"wp:attachment":[{"href":"https:\/\/richeskarayib.com\/es\/wp-json\/wp\/v2\/media?parent=27936"}],"curies":[{"name":"wp","href":"https:\/\/api.w.org\/{rel}","templated":true}]}}