{"id":18070,"date":"2024-03-04T10:12:31","date_gmt":"2024-03-04T10:12:31","guid":{"rendered":"http:\/\/richeskarayib.com\/conditions-generales-dutilisation\/"},"modified":"2024-09-23T12:04:16","modified_gmt":"2024-09-23T12:04:16","slug":"conditions-generales-dutilisation","status":"publish","type":"page","link":"https:\/\/richeskarayib.com\/fr\/conditions-generales-dutilisation\/","title":{"rendered":"Conditions g\u00e9n\u00e9rales d&#8217;utilisation"},"content":{"rendered":"\t\t<div data-elementor-type=\"wp-page\" data-elementor-id=\"18070\" class=\"elementor elementor-18070 elementor-17295\" data-elementor-post-type=\"page\">\n\t\t\t\t\t\t<section class=\"elementor-section elementor-top-section elementor-element elementor-element-26efb266 elementor-section-boxed elementor-section-height-default elementor-section-height-default\" data-id=\"26efb266\" data-element_type=\"section\">\n\t\t\t\t\t\t<div class=\"elementor-container elementor-column-gap-default\">\n\t\t\t\t\t<div class=\"elementor-column elementor-col-100 elementor-top-column elementor-element elementor-element-5f988b3\" data-id=\"5f988b3\" data-element_type=\"column\">\n\t\t\t<div class=\"elementor-widget-wrap elementor-element-populated\">\n\t\t\t\t\t\t<div class=\"elementor-element elementor-element-2cddae9 elementor-widget elementor-widget-heading\" data-id=\"2cddae9\" data-element_type=\"widget\" data-widget_type=\"heading.default\">\n\t\t\t\t<div class=\"elementor-widget-container\">\n\t\t\t\t\t<h1 class=\"elementor-heading-title elementor-size-default\">Conditions g\u00e9n\u00e9rales d'utilisation  <\/h1>\t\t\t\t<\/div>\n\t\t\t\t<\/div>\n\t\t\t\t<div class=\"elementor-element elementor-element-5bc9d420 elementor-widget elementor-widget-text-editor\" data-id=\"5bc9d420\" data-element_type=\"widget\" data-widget_type=\"text-editor.default\">\n\t\t\t\t<div class=\"elementor-widget-container\">\n\t\t\t\t\t\t\t\t\t<p>Bienvenue \u00e0 Riches Karayib ! Les pr\u00e9sentes conditions g\u00e9n\u00e9rales d\u00e9finissent les r\u00e8gles d&#8217;utilisation du site Internet Riches Karayib, situ\u00e9 \u00e0 l&#8217;adresse https:\/\/richeskarayib.com\/.<\/p>\n<p>En acc\u00e9dant \u00e0 ce site web, nous supposons que vous acceptez ces termes et conditions. Ne continuez pas \u00e0 utiliser Riches Karayib si vous n&#8217;acceptez pas tous les termes et conditions \u00e9nonc\u00e9s sur cette page.<\/p>\n<h2>\n            <strong>Cookies<\/strong><br \/>\n          <\/h2>\n<p>Nous utilisons des cookies. En acc\u00e9dant \u00e0 Riches Karayib, vous acceptez d&#8217;utiliser des cookies en accord avec la politique de confidentialit\u00e9 de Riches Karayib.<\/p>\n<h2>\n            <strong>Licence<\/strong><br \/>\n          <\/h2>\n<p>Sauf indication contraire, Riches Karayib et\/ou ses conc\u00e9dants de licence d\u00e9tiennent les droits de propri\u00e9t\u00e9 intellectuelle pour l&#8217;ensemble du contenu de Riches Karayib. Tous les droits de propri\u00e9t\u00e9 intellectuelle sont r\u00e9serv\u00e9s. Vous pouvez acc\u00e9der \u00e0 ce site de Riches Karayib pour votre usage personnel, sous r\u00e9serve des restrictions \u00e9nonc\u00e9es dans les pr\u00e9sentes conditions g\u00e9n\u00e9rales.<\/p>\n<h2>\n            <strong>Restrictions<\/strong><br \/>\n          <\/h2>\n<p>Vous n&#8217;avez pas le droit de faire ce qui suit :<\/p>\n<p>publier tout mat\u00e9riel de Riches Karayib dans tout autre m\u00e9dia ;<br \/>vendre, conc\u00e9der des sous-licences et\/ou commercialiser de toute autre mani\u00e8re le mat\u00e9riel de Riches Karayib ;<br \/>d&#8217;ex\u00e9cuter et\/ou de montrer en public tout mat\u00e9riel de Riches Karayib ;<br \/>utiliser ce site web d&#8217;une mani\u00e8re qui est ou peut \u00eatre pr\u00e9judiciable \u00e0 ce site web ;<br \/>utiliser ce site web d&#8217;une mani\u00e8re qui a un impact sur l&#8217;acc\u00e8s des utilisateurs \u00e0 ce site web ;<br \/>utiliser ce site web d&#8217;une mani\u00e8re contraire aux lois et r\u00e8glements applicables, ou d&#8217;une mani\u00e8re qui peut causer un pr\u00e9judice au site web, ou \u00e0 toute personne ou entit\u00e9 commerciale ;<br \/>s&#8217;engager dans toute activit\u00e9 d&#8217;exploration de donn\u00e9es, de r\u00e9colte de donn\u00e9es, d&#8217;extraction de donn\u00e9es, ou toute autre activit\u00e9 similaire en relation avec ce site web ;<br \/>utiliser ce site web pour s&#8217;engager dans une publicit\u00e9 ou un marketing.<br \/>L&#8217;acc\u00e8s \u00e0 certaines parties de ce site est limit\u00e9 et Riches Karayib peut restreindre davantage l&#8217;acc\u00e8s \u00e0 certaines parties de ce site, \u00e0 tout moment et \u00e0 son enti\u00e8re discr\u00e9tion. L&#8217;identifiant et le mot de passe que vous pouvez avoir pour ce site web sont confidentiels et vous devez \u00e9galement respecter cette confidentialit\u00e9.<\/p>\n<h2>\n            <strong>Votre contenu<\/strong><br \/>\n          <\/h2>\n<p>Dans les pr\u00e9sentes conditions g\u00e9n\u00e9rales, &#8220;Votre contenu&#8221; d\u00e9signe tout texte audio, vid\u00e9o, image ou autre mat\u00e9riel que vous choisissez d&#8217;afficher sur Riches Karayib. En affichant votre contenu, vous accordez \u00e0 Riches Karayib une licence non exclusive, mondiale, irr\u00e9vocable et pouvant faire l&#8217;objet d&#8217;une sous-licence pour l&#8217;utiliser, le reproduire, l&#8217;adapter, le publier, le traduire et le distribuer sur tous les supports.<\/p>\n<h2>\n            <strong>R\u00e9serve de droits<\/strong><br \/>\n          <\/h2>\n<p>Nous nous r\u00e9servons le droit de vous demander de supprimer tous les liens ou un lien particulier vers notre site web. Vous acceptez de supprimer imm\u00e9diatement tous les liens vers notre site web sur demande. Nous nous r\u00e9servons \u00e9galement le droit de modifier \u00e0 tout moment les pr\u00e9sentes conditions g\u00e9n\u00e9rales et la politique de liens. En \u00e9tablissant un lien permanent avec notre site web, vous acceptez d&#8217;\u00eatre li\u00e9 par les pr\u00e9sentes conditions g\u00e9n\u00e9rales d&#8217;utilisation et de les respecter.<\/p>\n<h2>\n            <strong>Suppression de liens sur notre site web<\/strong><br \/>\n          <\/h2>\n<p>Si vous trouvez un lien sur notre site web qui est offensant pour quelque raison que ce soit, vous \u00eates libre de nous contacter et de nous informer \u00e0 tout moment. Nous examinerons les demandes de suppression de liens, mais nous ne sommes pas oblig\u00e9s de le faire ou de vous r\u00e9pondre directement.<\/p>\n<h2>\n            <strong>Clause de non-responsabilit\u00e9<\/strong><br \/>\n          <\/h2>\n<p>Dans toute la mesure permise par la loi applicable, nous excluons toutes les repr\u00e9sentations, garanties et conditions relatives \u00e0 notre site web et \u00e0 son utilisation. Aucune disposition de la pr\u00e9sente clause de non-responsabilit\u00e9 n&#8217;est applicable :<\/p>\n<p>limiter ou exclure notre ou votre responsabilit\u00e9 en cas de d\u00e9c\u00e8s ou de dommages corporels ;<br \/>limiter ou exclure notre ou votre responsabilit\u00e9 en cas de fraude ou de d\u00e9claration frauduleuse ;<br \/>limiter l&#8217;une quelconque de nos ou de vos responsabilit\u00e9s d&#8217;une mani\u00e8re qui n&#8217;est pas autoris\u00e9e par le droit applicable ; ou<br \/>exclure l&#8217;une quelconque de nos ou de vos responsabilit\u00e9s qui ne peuvent \u00eatre exclues en vertu du droit applicable.<br \/>Indemnisation<\/p>\n<p>Par la pr\u00e9sente, vous garantissez Riches Karayib contre toute responsabilit\u00e9, tout co\u00fbt, toute demande, toute cause d&#8217;action, tout dommage et toute d\u00e9pense li\u00e9s d&#8217;une mani\u00e8re ou d&#8217;une autre \u00e0 votre violation de l&#8217;une des dispositions des pr\u00e9sentes conditions.<\/p>\n<h2>\n            <strong>S\u00e9v\u00e9rit\u00e9<\/strong><br \/>\n          <\/h2>\n<p>Si l&#8217;une des dispositions des pr\u00e9sentes conditions est jug\u00e9e invalide en vertu d&#8217;une loi applicable, cette disposition sera supprim\u00e9e sans affecter les autres dispositions des pr\u00e9sentes.<\/p>\n<h2>\n            <strong>Modification des conditions<\/strong><br \/>\n          <\/h2>\n<p>Riches Karayib est autoris\u00e9 \u00e0 r\u00e9viser ces conditions \u00e0 tout moment s&#8217;il le juge n\u00e9cessaire, et en utilisant ce site web, vous \u00eates cens\u00e9 revoir ces conditions r\u00e9guli\u00e8rement.<\/p>\n<h2>\n            <strong>Affectation<\/strong><br \/>\n          <\/h2>\n<p>The Riches Karayib est autoris\u00e9 \u00e0 c\u00e9der, transf\u00e9rer et sous-traiter ses droits et\/ou obligations en vertu des pr\u00e9sentes conditions sans aucune notification. Toutefois, vous n&#8217;\u00eates pas autoris\u00e9 \u00e0 c\u00e9der, transf\u00e9rer ou sous-traiter l&#8217;un quelconque de vos droits et\/ou obligations en vertu des pr\u00e9sentes conditions.<\/p>\n<h2>\n            <strong>Int\u00e9gralit\u00e9 de l&#8217;accord<\/strong><br \/>\n          <\/h2>\n<p>Les pr\u00e9sentes conditions constituent l&#8217;int\u00e9gralit\u00e9 de l&#8217;accord entre Riches Karayib et vous en ce qui concerne votre utilisation de ce site web et remplacent tous les accords et arrangements ant\u00e9rieurs.<\/p>\n<h2>\n            <strong>Droit applicable et juridiction<\/strong><br \/>\n          <\/h2>\n<p>Ces conditions seront r\u00e9gies et interpr\u00e9t\u00e9es conform\u00e9ment aux lois de la juridiction de Riches Karayib, et vous vous soumettez \u00e0 la juridiction non exclusive des tribunaux d&#8217;\u00c9tat et f\u00e9d\u00e9raux situ\u00e9s dans cette juridiction pour la r\u00e9solution de tout litige.<\/p>\n\t\t\t\t\t\t\t\t<\/div>\n\t\t\t\t<\/div>\n\t\t\t\t\t<\/div>\n\t\t<\/div>\n\t\t\t\t\t<\/div>\n\t\t<\/section>\n\t\t\t\t<\/div>\n\t\t","protected":false},"excerpt":{"rendered":"<p>Conditions g\u00e9n\u00e9rales d&#8217;utilisation Bienvenue \u00e0 Riches Karayib ! Les pr\u00e9sentes conditions g\u00e9n\u00e9rales d\u00e9finissent les r\u00e8gles d&#8217;utilisation du site Internet Riches Karayib, situ\u00e9 \u00e0 l&#8217;adresse https:\/\/richeskarayib.com\/. En acc\u00e9dant \u00e0 ce site web, nous supposons que vous acceptez ces termes et conditions. Ne continuez pas \u00e0 utiliser Riches Karayib si vous n&#8217;acceptez pas tous les termes et [&hellip;]<\/p>\n","protected":false},"author":2,"featured_media":0,"parent":0,"menu_order":0,"comment_status":"closed","ping_status":"closed","template":"","meta":{"_acf_changed":false,"footnotes":""},"class_list":["post-18070","page","type-page","status-publish","hentry"],"acf":[],"_links":{"self":[{"href":"https:\/\/richeskarayib.com\/fr\/wp-json\/wp\/v2\/pages\/18070","targetHints":{"allow":["GET"]}}],"collection":[{"href":"https:\/\/richeskarayib.com\/fr\/wp-json\/wp\/v2\/pages"}],"about":[{"href":"https:\/\/richeskarayib.com\/fr\/wp-json\/wp\/v2\/types\/page"}],"author":[{"embeddable":true,"href":"https:\/\/richeskarayib.com\/fr\/wp-json\/wp\/v2\/users\/2"}],"replies":[{"embeddable":true,"href":"https:\/\/richeskarayib.com\/fr\/wp-json\/wp\/v2\/comments?post=18070"}],"version-history":[{"count":0,"href":"https:\/\/richeskarayib.com\/fr\/wp-json\/wp\/v2\/pages\/18070\/revisions"}],"wp:attachment":[{"href":"https:\/\/richeskarayib.com\/fr\/wp-json\/wp\/v2\/media?parent=18070"}],"curies":[{"name":"wp","href":"https:\/\/api.w.org\/{rel}","templated":true}]}}