{"id":27928,"date":"2024-05-07T14:16:49","date_gmt":"2024-05-07T14:16:49","guid":{"rendered":"https:\/\/richeskarayib.com\/politique-de-confidentialite-2\/"},"modified":"2024-09-23T12:31:29","modified_gmt":"2024-09-23T12:31:29","slug":"politique-de-confidentialite-2","status":"publish","type":"page","link":"https:\/\/richeskarayib.com\/fr\/politique-de-confidentialite-2\/","title":{"rendered":"Politique de confidentialit\u00e9"},"content":{"rendered":"\t\t<div data-elementor-type=\"wp-page\" data-elementor-id=\"27928\" class=\"elementor elementor-27928 elementor-27927\" data-elementor-post-type=\"page\">\n\t\t\t\t\t\t<section class=\"elementor-section elementor-top-section elementor-element elementor-element-5d78e628 elementor-section-boxed elementor-section-height-default elementor-section-height-default\" data-id=\"5d78e628\" data-element_type=\"section\">\n\t\t\t\t\t\t<div class=\"elementor-container elementor-column-gap-default\">\n\t\t\t\t\t<div class=\"elementor-column elementor-col-100 elementor-top-column elementor-element elementor-element-10f56bdf\" data-id=\"10f56bdf\" data-element_type=\"column\">\n\t\t\t<div class=\"elementor-widget-wrap elementor-element-populated\">\n\t\t\t\t\t\t<div class=\"elementor-element elementor-element-e35bf89 elementor-widget elementor-widget-text-editor\" data-id=\"e35bf89\" data-element_type=\"widget\" data-widget_type=\"text-editor.default\">\n\t\t\t\t<div class=\"elementor-widget-container\">\n\t\t\t\t\t\t\t\t\t<h2>\n            <strong>Qui sommes-nous ?<\/strong><br \/>\n          <\/h2>\n<p>L&#8217;adresse de notre site web est la suivante : https:\/\/richeskarayib.com.<\/p>\n<h2>\n            <strong>Commentaires<\/strong><br \/>\n          <\/h2>\n<p>Lorsque vous laissez un commentaire sur notre site, les donn\u00e9es saisies dans le formulaire de commentaire, ainsi que votre adresse IP et l&#8217;agent utilisateur de votre navigateur sont collect\u00e9s pour nous aider \u00e0 d\u00e9tecter les commentaires ind\u00e9sirables.<\/p>\n<p>Une cha\u00eene anonyme cr\u00e9\u00e9e \u00e0 partir de votre adresse \u00e9lectronique (\u00e9galement appel\u00e9e hash) peut \u00eatre envoy\u00e9e au service Gravatar pour v\u00e9rifier si vous l&#8217;utilisez. Les clauses de confidentialit\u00e9 du service Gravatar sont disponibles ici : https:\/\/automattic.com\/privacy\/. Apr\u00e8s validation de votre commentaire, votre photo de profil sera visible publiquement \u00e0 c\u00f4t\u00e9 de votre commentaire.<\/p>\n<h2>\n            <strong>Les m\u00e9dias<\/strong><br \/>\n          <\/h2>\n<p>Texte sugg\u00e9r\u00e9 : Si vous t\u00e9l\u00e9chargez des images sur le site, nous vous conseillons d&#8217;\u00e9viter de t\u00e9l\u00e9charger des images contenant des donn\u00e9es EXIF de coordonn\u00e9es GPS. Les personnes qui visitent votre site peuvent t\u00e9l\u00e9charger et extraire des donn\u00e9es de localisation \u00e0 partir de ces images.<\/p>\n<h2>\n            <strong>Cookies<\/strong><br \/>\n          <\/h2>\n<p>Si vous laissez un commentaire sur notre site, il vous sera propos\u00e9 d&#8217;enregistrer votre nom, votre adresse \u00e9lectronique et votre site dans des cookies. C&#8217;est uniquement pour votre commodit\u00e9, afin que vous n&#8217;ayez pas \u00e0 saisir ces informations si vous publiez un autre commentaire plus tard. Ces cookies expirent apr\u00e8s un an.<\/p>\n<p>Si vous visitez la page de connexion, un cookie temporaire sera cr\u00e9\u00e9 pour d\u00e9terminer si votre navigateur accepte les cookies. Il ne contient aucune donn\u00e9e personnelle et sera automatiquement supprim\u00e9 \u00e0 la fermeture de votre navigateur.<\/p>\n<p>Lorsque vous vous connectez, nous installons un certain nombre de cookies pour enregistrer vos informations de connexion et vos pr\u00e9f\u00e9rences d&#8217;\u00e9cran. La dur\u00e9e de vie d&#8217;un cookie de connexion est de deux jours, celle d&#8217;un cookie d&#8217;option d&#8217;\u00e9cran est d&#8217;un an. Si vous cochez la case &#8220;Se souvenir de moi&#8221;, votre cookie de connexion sera conserv\u00e9 pendant deux semaines. Si vous vous d\u00e9connectez de votre compte, le cookie de connexion sera supprim\u00e9.<\/p>\n<p>En \u00e9ditant ou en publiant une publication, un cookie suppl\u00e9mentaire sera enregistr\u00e9 dans votre navigateur. Ce cookie ne contient aucune donn\u00e9e personnelle. Il indique simplement l&#8217;identifiant du message que vous venez de modifier. Il expire au bout d&#8217;un jour.<\/p>\n<p>Contenu int\u00e9gr\u00e9 d&#8217;autres sites<\/p>\n<p>Les articles de ce site peuvent inclure du contenu int\u00e9gr\u00e9 (par exemple, des vid\u00e9os, des images, des articles, etc.) Le contenu int\u00e9gr\u00e9 \u00e0 partir d&#8217;autres sites se comporte de la m\u00eame mani\u00e8re que si le visiteur se rendait sur cet autre site.<\/p>\n<p>Ces sites web peuvent collecter des donn\u00e9es vous concernant, utiliser des cookies, int\u00e9grer des outils de suivi de tiers, suivre vos interactions avec ce contenu int\u00e9gr\u00e9 si vous avez un compte connect\u00e9 \u00e0 leur site web.<\/p>\n<p>Utilisation et transmission de vos donn\u00e9es personnelles<\/p>\n<p>Si vous demandez une r\u00e9initialisation de votre mot de passe, votre adresse IP sera incluse dans l&#8217;e-mail de r\u00e9initialisation.<\/p>\n<h2>\n            <strong>Dur\u00e9e de stockage de vos donn\u00e9es<\/strong><br \/>\n          <\/h2>\n<p>Si vous laissez un commentaire, celui-ci et ses m\u00e9tadonn\u00e9es sont conserv\u00e9s ind\u00e9finiment. Cela permettra de reconna\u00eetre et d&#8217;approuver automatiquement les commentaires suivants au lieu de les laisser dans la file d&#8217;attente de mod\u00e9ration.<\/p>\n<p>Pour les comptes qui s&#8217;inscrivent sur notre site (le cas \u00e9ch\u00e9ant), nous stockons \u00e9galement les donn\u00e9es personnelles indiqu\u00e9es dans leur profil. Tous les comptes peuvent consulter, modifier ou supprimer leurs informations personnelles \u00e0 tout moment (\u00e0 l&#8217;exception de leur login). Les gestionnaires de site peuvent \u00e9galement consulter et modifier ces informations.<\/p>\n<h2>\n            <strong>Les droits que vous avez sur vos donn\u00e9es<\/strong><br \/>\n          <\/h2>\n<p>Si vous avez un compte ou si vous avez laiss\u00e9 des commentaires sur le site, vous pouvez demander \u00e0 recevoir un fichier contenant toutes les donn\u00e9es personnelles que nous poss\u00e9dons \u00e0 votre sujet, y compris celles que vous nous avez fournies. Vous pouvez \u00e9galement demander la suppression de vos donn\u00e9es personnelles. Cela ne tient pas compte des donn\u00e9es stock\u00e9es \u00e0 des fins administratives, juridiques ou de s\u00e9curit\u00e9.<\/p>\n<h2>\n            <strong>O\u00f9 vos donn\u00e9es sont-elles envoy\u00e9es ?<\/strong><br \/>\n          <\/h2>\n<p>Les commentaires des visiteurs peuvent \u00eatre v\u00e9rifi\u00e9s \u00e0 l&#8217;aide d&#8217;un service automatis\u00e9 de d\u00e9tection des spams.<\/p>\n\t\t\t\t\t\t\t\t<\/div>\n\t\t\t\t<\/div>\n\t\t\t\t\t<\/div>\n\t\t<\/div>\n\t\t\t\t\t<\/div>\n\t\t<\/section>\n\t\t\t\t<\/div>\n\t\t","protected":false},"excerpt":{"rendered":"<p>Qui sommes-nous ? L&#8217;adresse de notre site web est la suivante : https:\/\/richeskarayib.com. Commentaires Lorsque vous laissez un commentaire sur notre site, les donn\u00e9es saisies dans le formulaire de commentaire, ainsi que votre adresse IP et l&#8217;agent utilisateur de votre navigateur sont collect\u00e9s pour nous aider \u00e0 d\u00e9tecter les commentaires ind\u00e9sirables. Une cha\u00eene anonyme cr\u00e9\u00e9e [&hellip;]<\/p>\n","protected":false},"author":83,"featured_media":0,"parent":0,"menu_order":0,"comment_status":"closed","ping_status":"closed","template":"elementor_header_footer","meta":{"_acf_changed":false,"footnotes":""},"class_list":["post-27928","page","type-page","status-publish","hentry"],"acf":[],"_links":{"self":[{"href":"https:\/\/richeskarayib.com\/fr\/wp-json\/wp\/v2\/pages\/27928","targetHints":{"allow":["GET"]}}],"collection":[{"href":"https:\/\/richeskarayib.com\/fr\/wp-json\/wp\/v2\/pages"}],"about":[{"href":"https:\/\/richeskarayib.com\/fr\/wp-json\/wp\/v2\/types\/page"}],"author":[{"embeddable":true,"href":"https:\/\/richeskarayib.com\/fr\/wp-json\/wp\/v2\/users\/83"}],"replies":[{"embeddable":true,"href":"https:\/\/richeskarayib.com\/fr\/wp-json\/wp\/v2\/comments?post=27928"}],"version-history":[{"count":0,"href":"https:\/\/richeskarayib.com\/fr\/wp-json\/wp\/v2\/pages\/27928\/revisions"}],"wp:attachment":[{"href":"https:\/\/richeskarayib.com\/fr\/wp-json\/wp\/v2\/media?parent=27928"}],"curies":[{"name":"wp","href":"https:\/\/api.w.org\/{rel}","templated":true}]}}